{"id":4166,"date":"2026-05-13T11:25:47","date_gmt":"2026-05-13T11:25:47","guid":{"rendered":"https:\/\/crenem.org.br\/2026\/?page_id=4166"},"modified":"2026-05-13T17:07:21","modified_gmt":"2026-05-13T17:07:21","slug":"trabalhos-academicos-2","status":"publish","type":"page","link":"https:\/\/crenem.org.br\/2026\/trabalhos-academicos-2\/","title":{"rendered":"Hospedagem"},"content":{"rendered":"\t\t<div data-elementor-type=\"wp-page\" data-elementor-id=\"4166\" class=\"elementor elementor-4166\" data-elementor-post-type=\"page\">\n\t\t\t\t<div class=\"elementor-element elementor-element-cedf2c8 e-con-full e-flex e-con e-parent\" data-id=\"cedf2c8\" data-element_type=\"container\">\n\t\t\t\t<div class=\"elementor-element elementor-element-a16e2da elementor--h-position-center elementor--v-position-middle elementor-widget elementor-widget-slides\" data-id=\"a16e2da\" data-element_type=\"widget\" data-settings=\"{&quot;navigation&quot;:&quot;none&quot;,&quot;transition&quot;:&quot;slide&quot;,&quot;transition_speed&quot;:500}\" data-widget_type=\"slides.default\">\n\t\t\t\t\t\t\t\t\t\t<div class=\"elementor-slides-wrapper elementor-main-swiper swiper\" role=\"region\" aria-roledescription=\"carousel\" aria-label=\"Slides\" dir=\"ltr\" data-animation=\"\">\n\t\t\t\t<div class=\"swiper-wrapper elementor-slides\">\n\t\t\t\t\t\t\t\t\t\t<div class=\"elementor-repeater-item-cb82680 swiper-slide\" role=\"group\" aria-roledescription=\"slide\"><div class=\"swiper-slide-bg\" role=\"img\" aria-label=\"Museu_Sacaca_macapa\"><\/div><div class=\"elementor-background-overlay\"><\/div><div class=\"swiper-slide-inner\" ><div class=\"swiper-slide-contents\"><div class=\"elementor-slide-heading\">Hospedagem<\/div><\/div><\/div><\/div>\t\t\t\t<\/div>\n\t\t\t\t\t\t\t<\/div>\n\t\t\t\t\t\t\t\t<\/div>\n\t\t\t\t<\/div>\n\t\t<div class=\"elementor-element elementor-element-630b5c64 e-flex e-con-boxed e-con e-parent\" data-id=\"630b5c64\" data-element_type=\"container\">\n\t\t\t\t\t<div class=\"e-con-inner\">\n\t\t\t\t<div class=\"elementor-element elementor-element-998139c elementor-widget elementor-widget-text-editor\" data-id=\"998139c\" data-element_type=\"widget\" data-widget_type=\"text-editor.default\">\n\t\t\t\t\t\t\t\t\t<p style=\"text-align: center;\"><strong><span style=\"color: #000000;\">HOT\u00c9IS EM MACAP\u00c1 | SUGEST\u00d5ES<\/span><\/strong><\/p><p><span style=\"color: #000000;\"><br \/><strong>HOTEL FORTE<\/strong> <\/span><\/p><p><span style=\"color: #000000;\">&#8211; Endere\u00e7o: R. Beira Rio, 248 &#8211; Santa Ines, Macap\u00e1 &#8211; AP, 68901-470<\/span><br \/><span style=\"color: #000000;\">&#8211; Telefone: +55 (96) 3223-2855 \/ (96) 3313-2884 <\/span><br \/><span style=\"color: #000000;\">&#8211; Site: https:\/\/redefortedehoteis.com<\/span><br \/><span style=\"color: #000000;\">&#8211; E-mail: hoteldoforte@hotmail.com<\/span><\/p><p><span style=\"color: #000000;\"><br \/><strong>AMAP\u00c1 HOTEL<\/strong><\/span><\/p><p><span style=\"color: #000000;\">&#8211; Endere\u00e7o: R. Tiradentes, 303 &#8211; Centro, Macap\u00e1 &#8211; AP, 68900-098<\/span><br \/><span style=\"color: #000000;\">&#8211; Telefone: (96) 99117-7389 \u00a0\/ (96) 2101-9050<\/span><br \/><span style=\"color: #000000;\">&#8211; Site: http:\/\/amapahotel.com.br<\/span><br \/><span style=\"color: #000000;\">&#8211; E-mail: reservas@amapahotel.com.br<\/span><\/p><p><span style=\"color: #000000;\"><br \/><strong>FORTE EXPRESS<\/strong><\/span><\/p><p><span style=\"color: #000000;\">&#8211; Endere\u00e7o: Av. Fel\u00edciano Coelho, 160 &#8211; Trem, Macap\u00e1 &#8211; AP, 68901-025<\/span><br \/><span style=\"color: #000000;\">&#8211; Telefone: +55 (96) 3223-2855 \/ (96) 3313-2884<\/span><br \/><span style=\"color: #000000;\">&#8211; Site: https:\/\/redefortedehoteis.com\/express\/reservas<\/span><br \/><span style=\"color: #000000;\">&#8211; E-mail: hoteldoforte@hotmail.com<\/span><\/p><p><span style=\"color: #000000;\"><br \/><strong>FROTA PALACE HOTEL<\/strong><\/span><\/p><p><span style=\"color: #000000;\">&#8211; Endere\u00e7o: R. Tiradentes, 1104 &#8211; Centro, Macap\u00e1 &#8211; AP, 68900-098<\/span><br \/><span style=\"color: #000000;\">&#8211; Telefone: +55 (96) 2101-3999 \/ +55 (96) 2101-3999<\/span><br \/><span style=\"color: #000000;\">&#8211; Site: https:\/\/www.hotelfrota.com.br\/<\/span><br \/><span style=\"color: #000000;\">&#8211; E-mail: reservas@hotelfrota.com.br<\/span><\/p><p><strong><span style=\"color: #000000;\"><br \/>HOTEL NORTE<\/span><\/strong><\/p><p><span style=\"color: #000000;\">&#8211; Endere\u00e7o: Av. Padre J\u00falio Maria Lombaerd, 1976 &#8211; Santa Rita, Macap\u00e1 &#8211; AP, 68900-030<\/span><br \/><span style=\"color: #000000;\">&#8211; Telefone: n\u00e3o informado<\/span><br \/><span style=\"color: #000000;\">&#8211; Site: https:\/\/hotel-norte.hoteis-nortedobrasil.com\/pt\/<\/span><br \/><span style=\"color: #000000;\">&#8211; Contato: https:\/\/hotel-norte.hoteis-nortedobrasil.com\/pt\/#contact<\/span><\/p>\t\t\t\t\t\t\t\t<\/div>\n\t\t\t\t<div class=\"elementor-element elementor-element-da784d3 elementor-widget elementor-widget-spacer\" data-id=\"da784d3\" data-element_type=\"widget\" data-widget_type=\"spacer.default\">\n\t\t\t\t\t\t\t<div class=\"elementor-spacer\">\n\t\t\t<div class=\"elementor-spacer-inner\"><\/div>\n\t\t<\/div>\n\t\t\t\t\t\t<\/div>\n\t\t\t\t\t<\/div>\n\t\t\t\t<\/div>\n\t\t\t\t<\/div>\n\t\t","protected":false},"excerpt":{"rendered":"<p>Hospedagem HOT\u00c9IS EM MACAP\u00c1 | SUGEST\u00d5ES HOTEL FORTE &#8211; Endere\u00e7o: R. Beira Rio, 248 &#8211; Santa Ines, Macap\u00e1 &#8211; AP, 68901-470&#8211; Telefone: +55 (96) 3223-2855 \/ (96) 3313-2884 &#8211; Site: https:\/\/redefortedehoteis.com&#8211; E-mail: hoteldoforte@hotmail.com AMAP\u00c1 HOTEL &#8211; Endere\u00e7o: R. Tiradentes, 303 &#8211; Centro, Macap\u00e1 &#8211; AP, 68900-098&#8211; Telefone: (96) 99117-7389 \u00a0\/ (96) 2101-9050&#8211; Site: http:\/\/amapahotel.com.br&#8211; E-mail: [&hellip;]<\/p>\n","protected":false},"author":3,"featured_media":0,"parent":0,"menu_order":2,"comment_status":"closed","ping_status":"closed","template":"","meta":{"footnotes":""},"class_list":["post-4166","page","type-page","status-publish","hentry"],"_links":{"self":[{"href":"https:\/\/crenem.org.br\/2026\/wp-json\/wp\/v2\/pages\/4166","targetHints":{"allow":["GET"]}}],"collection":[{"href":"https:\/\/crenem.org.br\/2026\/wp-json\/wp\/v2\/pages"}],"about":[{"href":"https:\/\/crenem.org.br\/2026\/wp-json\/wp\/v2\/types\/page"}],"author":[{"embeddable":true,"href":"https:\/\/crenem.org.br\/2026\/wp-json\/wp\/v2\/users\/3"}],"replies":[{"embeddable":true,"href":"https:\/\/crenem.org.br\/2026\/wp-json\/wp\/v2\/comments?post=4166"}],"version-history":[{"count":10,"href":"https:\/\/crenem.org.br\/2026\/wp-json\/wp\/v2\/pages\/4166\/revisions"}],"predecessor-version":[{"id":4183,"href":"https:\/\/crenem.org.br\/2026\/wp-json\/wp\/v2\/pages\/4166\/revisions\/4183"}],"wp:attachment":[{"href":"https:\/\/crenem.org.br\/2026\/wp-json\/wp\/v2\/media?parent=4166"}],"curies":[{"name":"wp","href":"https:\/\/api.w.org\/{rel}","templated":true}]}}