{"id":3709,"date":"2026-01-09T21:24:37","date_gmt":"2026-01-09T21:24:37","guid":{"rendered":"https:\/\/crenem.org.br\/2026\/?page_id=3709"},"modified":"2026-02-13T23:48:40","modified_gmt":"2026-02-13T23:48:40","slug":"inscricoes","status":"publish","type":"page","link":"https:\/\/crenem.org.br\/2026\/inscricoes\/","title":{"rendered":"Inscri\u00e7\u00f5es"},"content":{"rendered":"\t\t<div data-elementor-type=\"wp-page\" data-elementor-id=\"3709\" class=\"elementor elementor-3709\" data-elementor-post-type=\"page\">\n\t\t\t\t<div class=\"elementor-element elementor-element-2a5cf17 e-con-full e-flex e-con e-parent\" data-id=\"2a5cf17\" data-element_type=\"container\">\n\t\t\t\t<div class=\"elementor-element elementor-element-2291269 elementor--h-position-center elementor--v-position-middle elementor-widget elementor-widget-slides\" data-id=\"2291269\" data-element_type=\"widget\" data-settings=\"{&quot;navigation&quot;:&quot;none&quot;,&quot;transition&quot;:&quot;slide&quot;,&quot;transition_speed&quot;:500}\" data-widget_type=\"slides.default\">\n\t\t\t\t\t\t\t\t\t\t<div class=\"elementor-slides-wrapper elementor-main-swiper swiper\" role=\"region\" aria-roledescription=\"carousel\" aria-label=\"Slides\" dir=\"ltr\" data-animation=\"\">\n\t\t\t\t<div class=\"swiper-wrapper elementor-slides\">\n\t\t\t\t\t\t\t\t\t\t<div class=\"elementor-repeater-item-cb82680 swiper-slide\" role=\"group\" aria-roledescription=\"slide\"><div class=\"swiper-slide-bg\" role=\"img\" aria-label=\"Museu_Sacaca_macapa\"><\/div><div class=\"elementor-background-overlay\"><\/div><div class=\"swiper-slide-inner\" ><div class=\"swiper-slide-contents\"><div class=\"elementor-slide-heading\">Inscri\u00e7\u00f5es<\/div><\/div><\/div><\/div>\t\t\t\t<\/div>\n\t\t\t\t\t\t\t<\/div>\n\t\t\t\t\t\t\t\t<\/div>\n\t\t\t\t<\/div>\n\t\t<div class=\"elementor-element elementor-element-2fe21f1d e-flex e-con-boxed e-con e-parent\" data-id=\"2fe21f1d\" data-element_type=\"container\">\n\t\t\t\t\t<div class=\"e-con-inner\">\n\t\t\t\t<div class=\"elementor-element elementor-element-f9f4ae1 elementor-widget elementor-widget-image\" data-id=\"f9f4ae1\" data-element_type=\"widget\" data-widget_type=\"image.default\">\n\t\t\t\t\t\t\t\t\t\t\t\t\t\t\t\t<a href=\"https:\/\/crenem.org.br\/2026\/wp-content\/uploads\/2026\/02\/12_crenem_tabela_inscricao.png\" data-elementor-open-lightbox=\"yes\" data-elementor-lightbox-title=\"12\u00ba CRENEM | INSCRI\u00c7\u00c3O\" data-e-action-hash=\"#elementor-action%3Aaction%3Dlightbox%26settings%3DeyJpZCI6NDA2NCwidXJsIjoiaHR0cHM6XC9cL2NyZW5lbS5vcmcuYnJcLzIwMjZcL3dwLWNvbnRlbnRcL3VwbG9hZHNcLzIwMjZcLzAyXC8xMl9jcmVuZW1fdGFiZWxhX2luc2NyaWNhby5wbmcifQ%3D%3D\">\n\t\t\t\t\t\t\t<img fetchpriority=\"high\" decoding=\"async\" width=\"1340\" height=\"783\" src=\"https:\/\/crenem.org.br\/2026\/wp-content\/uploads\/2026\/02\/12_crenem_tabela_inscricao.png\" class=\"attachment-full size-full wp-image-4064\" alt=\"\" \/>\t\t\t\t\t\t\t\t<\/a>\n\t\t\t\t\t\t\t\t\t\t\t\t\t\t\t<\/div>\n\t\t\t\t<div class=\"elementor-element elementor-element-f6ad099 elementor-align-center e-transform elementor-widget elementor-widget-button\" data-id=\"f6ad099\" data-element_type=\"widget\" data-settings=\"{&quot;_transform_scale_effect_mobile&quot;:{&quot;unit&quot;:&quot;px&quot;,&quot;size&quot;:0.8,&quot;sizes&quot;:[]},&quot;_transform_scale_effect&quot;:{&quot;unit&quot;:&quot;px&quot;,&quot;size&quot;:&quot;&quot;,&quot;sizes&quot;:[]},&quot;_transform_scale_effect_tablet&quot;:{&quot;unit&quot;:&quot;px&quot;,&quot;size&quot;:&quot;&quot;,&quot;sizes&quot;:[]}}\" data-widget_type=\"button.default\">\n\t\t\t\t\t\t\t\t\t\t<a class=\"elementor-button elementor-button-link elementor-size-sm\" href=\"https:\/\/abem-nacional.com.br\/evento\/12-crenem\" target=\"_blank\">\n\t\t\t\t\t\t<span class=\"elementor-button-content-wrapper\">\n\t\t\t\t\t\t<span class=\"elementor-button-icon\">\n\t\t\t\t<svg aria-hidden=\"true\" class=\"e-font-icon-svg e-far-hand-pointer\" viewBox=\"0 0 448 512\" xmlns=\"http:\/\/www.w3.org\/2000\/svg\"><path d=\"M358.182 179.361c-19.493-24.768-52.679-31.945-79.872-19.098-15.127-15.687-36.182-22.487-56.595-19.629V67c0-36.944-29.736-67-66.286-67S89.143 30.056 89.143 67v161.129c-19.909-7.41-43.272-5.094-62.083 8.872-29.355 21.795-35.793 63.333-14.55 93.152l109.699 154.001C134.632 501.59 154.741 512 176 512h178.286c30.802 0 57.574-21.5 64.557-51.797l27.429-118.999A67.873 67.873 0 0 0 448 326v-84c0-46.844-46.625-79.273-89.818-62.639zM80.985 279.697l27.126 38.079c8.995 12.626 29.031 6.287 29.031-9.283V67c0-25.12 36.571-25.16 36.571 0v175c0 8.836 7.163 16 16 16h6.857c8.837 0 16-7.164 16-16v-35c0-25.12 36.571-25.16 36.571 0v35c0 8.836 7.163 16 16 16H272c8.837 0 16-7.164 16-16v-21c0-25.12 36.571-25.16 36.571 0v21c0 8.836 7.163 16 16 16h6.857c8.837 0 16-7.164 16-16 0-25.121 36.571-25.16 36.571 0v84c0 1.488-.169 2.977-.502 4.423l-27.43 119.001c-1.978 8.582-9.29 14.576-17.782 14.576H176c-5.769 0-11.263-2.878-14.697-7.697l-109.712-154c-14.406-20.223 14.994-42.818 29.394-22.606zM176.143 400v-96c0-8.837 6.268-16 14-16h6c7.732 0 14 7.163 14 16v96c0 8.837-6.268 16-14 16h-6c-7.733 0-14-7.163-14-16zm75.428 0v-96c0-8.837 6.268-16 14-16h6c7.732 0 14 7.163 14 16v96c0 8.837-6.268 16-14 16h-6c-7.732 0-14-7.163-14-16zM327 400v-96c0-8.837 6.268-16 14-16h6c7.732 0 14 7.163 14 16v96c0 8.837-6.268 16-14 16h-6c-7.732 0-14-7.163-14-16z\"><\/path><\/svg>\t\t\t<\/span>\n\t\t\t\t\t\t\t\t\t<span class=\"elementor-button-text\">Me Inscrever<\/span>\n\t\t\t\t\t<\/span>\n\t\t\t\t\t<\/a>\n\t\t\t\t\t\t\t\t<\/div>\n\t\t\t\t<div class=\"elementor-element elementor-element-d0a84c9 elementor-widget elementor-widget-text-editor\" data-id=\"d0a84c9\" data-element_type=\"widget\" data-widget_type=\"text-editor.default\">\n\t\t\t\t\t\t\t\t\t<p><strong>INFORMA\u00c7\u00d5ES IMPORTANTES<\/strong><\/p><p>a) As vagas para o evento s\u00e3o LIMITADAS!<br \/>b) Formas de pagamentos dispon\u00edveis:<br \/>\u00a0 \u00a0 \u00a0\u2013 Boleto Banc\u00e1rio (at\u00e9 08\/06\/2026);<br \/>\u00a0 \u00a0 \u00a0\u2013 Cart\u00e3o de Cr\u00e9dito;<br \/>\u00a0 \u00a0 \u00a0\u2013 PIX.<\/p><p><strong><br \/>Prazos para compensa\u00e7\u00e3o:<\/strong><br \/>\u00a0 \u00a0 \u00a0\u2013 Boleto Banc\u00e1rio: em at\u00e9 3 dias \u00fateis;<br \/>\u00a0 \u00a0 \u00a0\u2013 Cart\u00e3o de Cr\u00e9dito: em at\u00e9 1 hora;<br \/>\u00a0 \u00a0 \u00a0\u2013 PIX: 05 minutos.<\/p><p>&#8212;&#8211;<\/p><p><strong>PACOTE DE INSCRI\u00c7\u00d5ES<\/strong><\/p><p>Ser\u00e3o aceitas inscri\u00e7\u00f5es por pacotes de pelo menos 10 (dez) inscri\u00e7\u00f5es, pagas em conjunto, de uma s\u00f3 vez, com emiss\u00e3o de boleto \u00fanico. As inscri\u00e7\u00f5es por pacotes dever\u00e3o ser realizadas atrav\u00e9s do painel do congressista no menu: <strong>INSCRI\u00c7\u00d5ES -&gt; PACOTE DE INSCRI\u00c7\u00d5ES. <\/strong><\/p><p>A inscri\u00e7\u00e3o pela modalidade de Pacote de Inscri\u00e7\u00f5es estar\u00e1 dispon\u00edvel <strong>a partir do 2\u00ba LOTE (17\/03\/2026).<\/strong><\/p><p>Todos os congressistas, que ir\u00e3o compor o pacote, dever\u00e3o estar previamente cadastrados no sistema. Caso contr\u00e1rio n\u00e3o ser\u00e1 poss\u00edvel inseri-los no pacote de inscri\u00e7\u00f5es. Abaixo a tabela de desconto referente ao n\u00famero de congressistas por pacote.<\/p><p>DATA LIMITE para solicita\u00e7\u00e3o de Pacote at\u00e9 o dia: <strong>08\/06\/2026.<\/strong><\/p><p>Pacote de 10 a 20 inscritos, desconto de <strong>10%<\/strong><br \/>Pacote de 21 a 30 inscritos, desconto de <strong>15%<\/strong><br \/>Pacote de 31 a 50 inscritos, desconto de <strong>20%<\/strong><br \/>Pacote acima de 50 inscritos, desconto de <strong>25%<\/strong><\/p><p>\u00a0<\/p><p>&#8212;&#8211;<\/p><p><strong>CERTIFICADOS<\/strong><\/p><p>Os certificados <strong>DE PARTICIPA\u00c7\u00c3O<\/strong> ser\u00e3o disponibilizados, no painel do congressista, 30 (trinta) dias ap\u00f3s o t\u00e9rmino do evento. N\u00e3o haver\u00e1 emiss\u00e3o de certificados de participa\u00e7\u00e3o no local do evento.<\/p><p>&#8212;-<\/p><p><strong>POL\u00cdTICA DE REEMBOLSO<\/strong><\/p><p><strong>Sem Justificativa:<\/strong> Prazo para solicita\u00e7\u00e3o: at\u00e9 30 (trinta) dias antes do evento.<br \/>Valor a ser reembolsado: 80% do valor pago.<br \/>Deve-se acessar o painel do congressista, no menu superior clicar em \u201cInscri\u00e7\u00f5es -&gt; Minhas Inscri\u00e7\u00f5es\u201d e solicitar o reembolso da fatura referente a inscri\u00e7\u00e3o no evento.<\/p><p><strong><br \/>Problemas de Sa\u00fade:<\/strong> Prazo para solicita\u00e7\u00e3o: at\u00e9 3 (tr\u00eas) dias antes do evento.<br \/>Valor a ser reembolsado: 80% do valor pago. <br \/>Deve-se acessar o painel do congressista, no menu superior clicar em \u201cInscri\u00e7\u00f5es -&gt; Minhas Inscri\u00e7\u00f5es\u201d e solicitar o reembolso da fatura referente a inscri\u00e7\u00e3o no evento.<\/p><p><strong><br \/>Duplicidade de Pagamento:<\/strong> Prazo para solicita\u00e7\u00e3o: at\u00e9 3 (tr\u00eas) dias antes do evento.<br \/>Valor a ser reembolsado: 100% do valor pago. <br \/>Deve-se acessar o painel do congressista, no menu superior clicar em \u201cInscri\u00e7\u00f5es -&gt; Minhas Inscri\u00e7\u00f5es\u201d e solicitar o reembolso da fatura referente a inscri\u00e7\u00e3o no evento.<\/p><p><strong><br \/>N\u00e3o Comparecimento:<\/strong> Em caso de n\u00e3o comparecimento, o valor pago pela inscri\u00e7\u00e3o do evento ou oficina n\u00e3o ser\u00e1 devolvido.<\/p>\t\t\t\t\t\t\t\t<\/div>\n\t\t\t\t\t<\/div>\n\t\t\t\t<\/div>\n\t\t\t\t<\/div>\n\t\t","protected":false},"excerpt":{"rendered":"<p>Inscri\u00e7\u00f5es Me Inscrever INFORMA\u00c7\u00d5ES IMPORTANTES a) As vagas para o evento s\u00e3o LIMITADAS!b) Formas de pagamentos dispon\u00edveis:\u00a0 \u00a0 \u00a0\u2013 Boleto Banc\u00e1rio (at\u00e9 08\/06\/2026);\u00a0 \u00a0 \u00a0\u2013 Cart\u00e3o de Cr\u00e9dito;\u00a0 \u00a0 \u00a0\u2013 PIX. Prazos para compensa\u00e7\u00e3o:\u00a0 \u00a0 \u00a0\u2013 Boleto Banc\u00e1rio: em at\u00e9 3 dias \u00fateis;\u00a0 \u00a0 \u00a0\u2013 Cart\u00e3o de Cr\u00e9dito: em at\u00e9 1 hora;\u00a0 \u00a0 \u00a0\u2013 PIX: [&hellip;]<\/p>\n","protected":false},"author":2,"featured_media":0,"parent":0,"menu_order":2,"comment_status":"closed","ping_status":"closed","template":"","meta":{"footnotes":""},"class_list":["post-3709","page","type-page","status-publish","hentry"],"_links":{"self":[{"href":"https:\/\/crenem.org.br\/2026\/wp-json\/wp\/v2\/pages\/3709","targetHints":{"allow":["GET"]}}],"collection":[{"href":"https:\/\/crenem.org.br\/2026\/wp-json\/wp\/v2\/pages"}],"about":[{"href":"https:\/\/crenem.org.br\/2026\/wp-json\/wp\/v2\/types\/page"}],"author":[{"embeddable":true,"href":"https:\/\/crenem.org.br\/2026\/wp-json\/wp\/v2\/users\/2"}],"replies":[{"embeddable":true,"href":"https:\/\/crenem.org.br\/2026\/wp-json\/wp\/v2\/comments?post=3709"}],"version-history":[{"count":10,"href":"https:\/\/crenem.org.br\/2026\/wp-json\/wp\/v2\/pages\/3709\/revisions"}],"predecessor-version":[{"id":4074,"href":"https:\/\/crenem.org.br\/2026\/wp-json\/wp\/v2\/pages\/3709\/revisions\/4074"}],"wp:attachment":[{"href":"https:\/\/crenem.org.br\/2026\/wp-json\/wp\/v2\/media?parent=3709"}],"curies":[{"name":"wp","href":"https:\/\/api.w.org\/{rel}","templated":true}]}}