{"id":135,"date":"2016-03-31T14:21:06","date_gmt":"2016-03-31T14:21:06","guid":{"rendered":"http:\/\/localhost:8080\/?page_id=2"},"modified":"2026-03-31T16:25:03","modified_gmt":"2026-03-31T16:25:03","slug":"home","status":"publish","type":"page","link":"https:\/\/crenem.org.br\/2026\/","title":{"rendered":"Home"},"content":{"rendered":"\t\t<div data-elementor-type=\"wp-page\" data-elementor-id=\"135\" class=\"elementor elementor-135\" data-elementor-post-type=\"page\">\n\t\t\t\t<div class=\"elementor-element elementor-element-7b72d33 e-con-full e-flex e-con e-parent\" data-id=\"7b72d33\" data-element_type=\"container\">\n\t\t\t\t<div class=\"elementor-element elementor-element-fd143f5 elementor--h-position-center elementor--v-position-middle elementor-widget elementor-widget-slides\" data-id=\"fd143f5\" data-element_type=\"widget\" data-settings=\"{&quot;navigation&quot;:&quot;none&quot;,&quot;transition&quot;:&quot;slide&quot;,&quot;transition_speed&quot;:500}\" data-widget_type=\"slides.default\">\n\t\t\t\t\t\t\t\t\t\t<div class=\"elementor-slides-wrapper elementor-main-swiper swiper\" role=\"region\" aria-roledescription=\"carousel\" aria-label=\"Slides\" dir=\"ltr\" data-animation=\"fadeInDown\">\n\t\t\t\t<div class=\"swiper-wrapper elementor-slides\">\n\t\t\t\t\t\t\t\t\t\t<div class=\"elementor-repeater-item-422f0cc swiper-slide\" role=\"group\" aria-roledescription=\"slide\"><div class=\"swiper-slide-bg elementor-ken-burns elementor-ken-burns--out\" role=\"img\" aria-label=\"Museu_Sacaca_macapa\"><\/div><div class=\"elementor-background-overlay\"><\/div><div class=\"swiper-slide-inner\" ><div class=\"swiper-slide-contents\"><div class=\"elementor-slide-heading\">12\u00ba CRENEM<br>Congresso Regional Norte<br\/>de Educa\u00e7\u00e3o M\u00e9dica<\/div><div class=\"elementor-slide-description\">Sebrae Amap\u00e1<br>\n19 e 20 de junho de 2026 | Macap\u00e1-AP\n\n<br><br>\n<b>Tema Central:<\/b><br\/>\n<i>\u201cDesafios da Forma\u00e7\u00e3o M\u00e9dica na Amaz\u00f4nia Brasileira:<br\/>Territ\u00f3rio, diversidade e Transforma\u00e7\u00e3o Social\u201d.<\/i><\/div><a href=\"https:\/\/crenem.org.br\/2026\/inscricoes\/\" class=\"elementor-button elementor-slide-button elementor-size-xs\">INSCREVA-SE<\/a><\/div><\/div><\/div>\t\t\t\t<\/div>\n\t\t\t\t\t\t\t<\/div>\n\t\t\t\t\t\t\t\t<\/div>\n\t\t\t\t<\/div>\n\t\t<div class=\"elementor-element elementor-element-168e7467 e-flex e-con-boxed e-con e-parent\" data-id=\"168e7467\" data-element_type=\"container\">\n\t\t\t\t\t<div class=\"e-con-inner\">\n\t\t\t\t<div class=\"elementor-element elementor-element-33efe02 elementor-widget elementor-widget-heading\" data-id=\"33efe02\" data-element_type=\"widget\" data-widget_type=\"heading.default\">\n\t\t\t\t\t<h2 class=\"elementor-heading-title elementor-size-default\">Seja bem-vindo!<\/h2>\t\t\t\t<\/div>\n\t\t\t\t<div class=\"elementor-element elementor-element-678aedac elementor-widget elementor-widget-text-editor\" data-id=\"678aedac\" data-element_type=\"widget\" data-widget_type=\"text-editor.default\">\n\t\t\t\t\t\t\t\t\t<p style=\"text-align: center;\"><strong>\u201cA Educa\u00e7\u00e3o M\u00e9dica com Identidade Amaz\u00f4nica\u201d<\/strong><\/p><p><strong>O Congresso da Regional Norte de Educa\u00e7\u00e3o M\u00e9dica \u2013 CRENEM 2026<\/strong> constitui-se como um espa\u00e7o cient\u00edfico, pedag\u00f3gico e pol\u00edtico de encontro entre docentes, estudantes, residentes, preceptores, gestores e pesquisadores comprometidos com a forma\u00e7\u00e3o m\u00e9dica orientada pelas necessidades do Sistema \u00danico de Sa\u00fade (SUS) e pelas singularidades da Amaz\u00f4nia brasileira.<\/p><p>Realizado nos dias <strong>19 e 20 de junho de 2026<\/strong>, na cidade de <strong>Macap\u00e1, Amap\u00e1<\/strong>, no <strong>Sebrae Amap\u00e1<\/strong>, o congresso reafirma o Norte do Brasil como <strong>territ\u00f3rio produtor de conhecimento em educa\u00e7\u00e3o m\u00e9dica<\/strong>, superando a l\u00f3gica de mera reprodu\u00e7\u00e3o de modelos ex\u00f3genos.<\/p>\t\t\t\t\t\t\t\t<\/div>\n\t\t\t\t<div class=\"elementor-element elementor-element-6d255d8 elementor-align-center elementor-widget elementor-widget-button\" data-id=\"6d255d8\" data-element_type=\"widget\" data-widget_type=\"button.default\">\n\t\t\t\t\t\t\t\t\t\t<a class=\"elementor-button elementor-button-link elementor-size-sm\" href=\"https:\/\/crenem.org.br\/2026\/sobre-o-evento\/\">\n\t\t\t\t\t\t<span class=\"elementor-button-content-wrapper\">\n\t\t\t\t\t\t<span class=\"elementor-button-icon\">\n\t\t\t\t<svg aria-hidden=\"true\" class=\"e-font-icon-svg e-far-hand-pointer\" viewBox=\"0 0 448 512\" xmlns=\"http:\/\/www.w3.org\/2000\/svg\"><path d=\"M358.182 179.361c-19.493-24.768-52.679-31.945-79.872-19.098-15.127-15.687-36.182-22.487-56.595-19.629V67c0-36.944-29.736-67-66.286-67S89.143 30.056 89.143 67v161.129c-19.909-7.41-43.272-5.094-62.083 8.872-29.355 21.795-35.793 63.333-14.55 93.152l109.699 154.001C134.632 501.59 154.741 512 176 512h178.286c30.802 0 57.574-21.5 64.557-51.797l27.429-118.999A67.873 67.873 0 0 0 448 326v-84c0-46.844-46.625-79.273-89.818-62.639zM80.985 279.697l27.126 38.079c8.995 12.626 29.031 6.287 29.031-9.283V67c0-25.12 36.571-25.16 36.571 0v175c0 8.836 7.163 16 16 16h6.857c8.837 0 16-7.164 16-16v-35c0-25.12 36.571-25.16 36.571 0v35c0 8.836 7.163 16 16 16H272c8.837 0 16-7.164 16-16v-21c0-25.12 36.571-25.16 36.571 0v21c0 8.836 7.163 16 16 16h6.857c8.837 0 16-7.164 16-16 0-25.121 36.571-25.16 36.571 0v84c0 1.488-.169 2.977-.502 4.423l-27.43 119.001c-1.978 8.582-9.29 14.576-17.782 14.576H176c-5.769 0-11.263-2.878-14.697-7.697l-109.712-154c-14.406-20.223 14.994-42.818 29.394-22.606zM176.143 400v-96c0-8.837 6.268-16 14-16h6c7.732 0 14 7.163 14 16v96c0 8.837-6.268 16-14 16h-6c-7.733 0-14-7.163-14-16zm75.428 0v-96c0-8.837 6.268-16 14-16h6c7.732 0 14 7.163 14 16v96c0 8.837-6.268 16-14 16h-6c-7.732 0-14-7.163-14-16zM327 400v-96c0-8.837 6.268-16 14-16h6c7.732 0 14 7.163 14 16v96c0 8.837-6.268 16-14 16h-6c-7.732 0-14-7.163-14-16z\"><\/path><\/svg>\t\t\t<\/span>\n\t\t\t\t\t\t\t\t\t<span class=\"elementor-button-text\">Mais Sobre o Evento<\/span>\n\t\t\t\t\t<\/span>\n\t\t\t\t\t<\/a>\n\t\t\t\t\t\t\t\t<\/div>\n\t\t\t\t<div class=\"elementor-element elementor-element-d3c2859 elementor-widget-divider--view-line elementor-widget elementor-widget-divider\" data-id=\"d3c2859\" data-element_type=\"widget\" data-widget_type=\"divider.default\">\n\t\t\t\t\t\t\t<div class=\"elementor-divider\">\n\t\t\t<span class=\"elementor-divider-separator\">\n\t\t\t\t\t\t<\/span>\n\t\t<\/div>\n\t\t\t\t\t\t<\/div>\n\t\t\t\t<div class=\"elementor-element elementor-element-57e8f39 elementor-widget elementor-widget-heading\" data-id=\"57e8f39\" data-element_type=\"widget\" data-widget_type=\"heading.default\">\n\t\t\t\t\t<h2 class=\"elementor-heading-title elementor-size-default\">INFORMA\u00c7\u00d5ES GERAIS:<\/h2>\t\t\t\t<\/div>\n\t\t\t\t<div class=\"elementor-element elementor-element-dc872bb elementor-widget elementor-widget-text-editor\" data-id=\"dc872bb\" data-element_type=\"widget\" data-widget_type=\"text-editor.default\">\n\t\t\t\t\t\t\t\t\t<p><strong>Local do Evento: <\/strong>Sebrae Amap\u00e1<\/p><p><strong>Endere\u00e7o:<\/strong> Av. Ernestino Borges, 740 &#8211; Juli\u00e3o Ramos, Macap\u00e1 &#8211; AP<\/p><p><strong>Data do Evento:<\/strong> 19 e 20 de junho de 2026<\/p>\t\t\t\t\t\t\t\t<\/div>\n\t\t\t\t<div class=\"elementor-element elementor-element-b9540b4 elementor-widget elementor-widget-google_maps\" data-id=\"b9540b4\" data-element_type=\"widget\" data-widget_type=\"google_maps.default\">\n\t\t\t\t\t\t\t<div class=\"elementor-custom-embed\">\n\t\t\t<iframe loading=\"lazy\"\n\t\t\t\t\tsrc=\"https:\/\/maps.google.com\/maps?q=Av.%20Ernestino%20Borges%2C%20740%20-%20Juli%C3%A3o%20Ramos%2C%20Macap%C3%A1%20-%20AP%2C%2068908-198&#038;t=m&#038;z=15&#038;output=embed&#038;iwloc=near\"\n\t\t\t\t\ttitle=\"Av. Ernestino Borges, 740 - Juli\u00e3o Ramos, Macap\u00e1 - AP, 68908-198\"\n\t\t\t\t\taria-label=\"Av. Ernestino Borges, 740 - Juli\u00e3o Ramos, Macap\u00e1 - AP, 68908-198\"\n\t\t\t><\/iframe>\n\t\t<\/div>\n\t\t\t\t\t\t<\/div>\n\t\t\t\t<div class=\"elementor-element elementor-element-dbaab91 elementor-widget-divider--view-line elementor-widget elementor-widget-divider\" data-id=\"dbaab91\" data-element_type=\"widget\" data-widget_type=\"divider.default\">\n\t\t\t\t\t\t\t<div class=\"elementor-divider\">\n\t\t\t<span class=\"elementor-divider-separator\">\n\t\t\t\t\t\t<\/span>\n\t\t<\/div>\n\t\t\t\t\t\t<\/div>\n\t\t\t\t<div class=\"elementor-element elementor-element-d106170 elementor-widget elementor-widget-heading\" data-id=\"d106170\" data-element_type=\"widget\" data-widget_type=\"heading.default\">\n\t\t\t\t\t<h2 class=\"elementor-heading-title elementor-size-default\">REALIZA\u00c7\u00c3O:<\/h2>\t\t\t\t<\/div>\n\t\t\t\t\t<\/div>\n\t\t\t\t<\/div>\n\t\t<div class=\"elementor-element elementor-element-6b651e2 e-flex e-con-boxed e-con e-parent\" data-id=\"6b651e2\" data-element_type=\"container\">\n\t\t\t\t\t<div class=\"e-con-inner\">\n\t\t<div class=\"elementor-element elementor-element-b98452f e-con-full e-flex e-con e-child\" data-id=\"b98452f\" data-element_type=\"container\">\n\t\t\t\t<div class=\"elementor-element elementor-element-a2da0a4 elementor-widget elementor-widget-image\" data-id=\"a2da0a4\" data-element_type=\"widget\" data-widget_type=\"image.default\">\n\t\t\t\t\t\t\t\t\t\t\t\t\t\t\t<img fetchpriority=\"high\" decoding=\"async\" width=\"580\" height=\"280\" src=\"https:\/\/crenem.org.br\/2026\/wp-content\/uploads\/2019\/09\/abem_v2.jpg\" class=\"attachment-large size-large wp-image-2969\" alt=\"\" srcset=\"https:\/\/crenem.org.br\/2026\/wp-content\/uploads\/2019\/09\/abem_v2.jpg 580w, https:\/\/crenem.org.br\/2026\/wp-content\/uploads\/2019\/09\/abem_v2-250x121.jpg 250w, https:\/\/crenem.org.br\/2026\/wp-content\/uploads\/2019\/09\/abem_v2-120x58.jpg 120w\" sizes=\"(max-width: 580px) 100vw, 580px\" \/>\t\t\t\t\t\t\t\t\t\t\t\t\t\t\t<\/div>\n\t\t\t\t<\/div>\n\t\t<div class=\"elementor-element elementor-element-3799776 e-con-full e-flex e-con e-child\" data-id=\"3799776\" data-element_type=\"container\">\n\t\t\t\t<div class=\"elementor-element elementor-element-df080d3 elementor-widget elementor-widget-image\" data-id=\"df080d3\" data-element_type=\"widget\" data-widget_type=\"image.default\">\n\t\t\t\t\t\t\t\t\t\t\t\t\t\t\t<img decoding=\"async\" width=\"800\" height=\"601\" src=\"https:\/\/crenem.org.br\/2026\/wp-content\/uploads\/2026\/02\/unifap-universidade-federal-do-amapa.png\" class=\"attachment-large size-large wp-image-4005\" alt=\"\" \/>\t\t\t\t\t\t\t\t\t\t\t\t\t\t\t<\/div>\n\t\t\t\t<\/div>\n\t\t<div class=\"elementor-element elementor-element-58698cf e-con-full e-flex e-con e-child\" data-id=\"58698cf\" data-element_type=\"container\">\n\t\t\t\t<div class=\"elementor-element elementor-element-3c14a57 elementor-widget elementor-widget-image\" data-id=\"3c14a57\" data-element_type=\"widget\" data-widget_type=\"image.default\">\n\t\t\t\t\t\t\t\t\t\t\t\t\t\t\t<img decoding=\"async\" width=\"200\" height=\"200\" src=\"https:\/\/crenem.org.br\/2026\/wp-content\/uploads\/2026\/02\/Faculdade_Integrado.png\" class=\"attachment-large size-large wp-image-4004\" alt=\"\" \/>\t\t\t\t\t\t\t\t\t\t\t\t\t\t\t<\/div>\n\t\t\t\t<\/div>\n\t\t\t\t\t<\/div>\n\t\t\t\t<\/div>\n\t\t<div class=\"elementor-element elementor-element-63fc745 e-flex e-con-boxed e-con e-parent\" data-id=\"63fc745\" data-element_type=\"container\">\n\t\t\t\t\t<div class=\"e-con-inner\">\n\t\t\t\t<div class=\"elementor-element elementor-element-5a68540 elementor-widget elementor-widget-spacer\" data-id=\"5a68540\" data-element_type=\"widget\" data-widget_type=\"spacer.default\">\n\t\t\t\t\t\t\t<div class=\"elementor-spacer\">\n\t\t\t<div class=\"elementor-spacer-inner\"><\/div>\n\t\t<\/div>\n\t\t\t\t\t\t<\/div>\n\t\t\t\t\t<\/div>\n\t\t\t\t<\/div>\n\t\t\t\t<\/div>\n\t\t","protected":false},"excerpt":{"rendered":"<p>12\u00ba CRENEMCongresso Regional Nortede Educa\u00e7\u00e3o M\u00e9dicaSebrae Amap\u00e1 19 e 20 de junho de 2026 | Macap\u00e1-AP Tema Central: \u201cDesafios da Forma\u00e7\u00e3o M\u00e9dica na Amaz\u00f4nia Brasileira:Territ\u00f3rio, diversidade e Transforma\u00e7\u00e3o Social\u201d.INSCREVA-SE Seja bem-vindo! \u201cA Educa\u00e7\u00e3o M\u00e9dica com Identidade Amaz\u00f4nica\u201d O Congresso da Regional Norte de Educa\u00e7\u00e3o M\u00e9dica \u2013 CRENEM 2026 constitui-se como um espa\u00e7o cient\u00edfico, pedag\u00f3gico e [&hellip;]<\/p>\n","protected":false},"author":2,"featured_media":0,"parent":0,"menu_order":1,"comment_status":"closed","ping_status":"closed","template":"","meta":{"footnotes":""},"class_list":["post-135","page","type-page","status-publish","hentry"],"_links":{"self":[{"href":"https:\/\/crenem.org.br\/2026\/wp-json\/wp\/v2\/pages\/135","targetHints":{"allow":["GET"]}}],"collection":[{"href":"https:\/\/crenem.org.br\/2026\/wp-json\/wp\/v2\/pages"}],"about":[{"href":"https:\/\/crenem.org.br\/2026\/wp-json\/wp\/v2\/types\/page"}],"author":[{"embeddable":true,"href":"https:\/\/crenem.org.br\/2026\/wp-json\/wp\/v2\/users\/2"}],"replies":[{"embeddable":true,"href":"https:\/\/crenem.org.br\/2026\/wp-json\/wp\/v2\/comments?post=135"}],"version-history":[{"count":10,"href":"https:\/\/crenem.org.br\/2026\/wp-json\/wp\/v2\/pages\/135\/revisions"}],"predecessor-version":[{"id":4101,"href":"https:\/\/crenem.org.br\/2026\/wp-json\/wp\/v2\/pages\/135\/revisions\/4101"}],"wp:attachment":[{"href":"https:\/\/crenem.org.br\/2026\/wp-json\/wp\/v2\/media?parent=135"}],"curies":[{"name":"wp","href":"https:\/\/api.w.org\/{rel}","templated":true}]}}