{"id":135,"date":"2016-03-31T14:21:06","date_gmt":"2016-03-31T14:21:06","guid":{"rendered":"http:\/\/localhost:8080\/?page_id=2"},"modified":"2025-07-25T16:39:06","modified_gmt":"2025-07-25T16:39:06","slug":"home","status":"publish","type":"page","link":"https:\/\/crenem.org.br\/2025\/","title":{"rendered":"XI Congresso Regional Norte<br>de Educa\u00e7\u00e3o M\u00e9dica"},"content":{"rendered":"<h4 style=\"text-align: center;\"><strong>CERTIFICADOS DE PARTICIPA\u00c7\u00c3O<\/strong><\/h4>\n<p style=\"text-align: center;\">Clique no link abaixo para mais informa\u00e7\u00f5es<br \/>(<span style=\"color: #0000ff;\"><a style=\"color: #0000ff;\" href=\"https:\/\/crenem.org.br\/2025\/certificados\/\">clique aqui<\/a><\/span>)<\/p>\n<hr \/>\n<h4 style=\"text-align: center;\"><strong>MELHORES TRABALHOS<\/strong><\/h4>\n<p style=\"text-align: center;\">Clique no link abaixo para visualizar<br \/>(<span style=\"color: #0000ff;\"><a style=\"color: #0000ff;\" href=\"https:\/\/crenem.org.br\/2025\/wp-content\/uploads\/2025\/07\/11CRENEM_Melhores_Trabalhos.pdf\" target=\"_blank\" rel=\"noopener\">clique aqui<\/a><\/span>)<\/p>\n<hr \/>\n<h4 style=\"text-align: center;\"><strong>MANUAL DO CONGRESSISTA<\/strong><\/h4>\n<p style=\"text-align: center;\">Para fazer o Download<br \/>(<span style=\"color: #0000ff;\"><a style=\"color: #0000ff;\" href=\"https:\/\/crenem.org.br\/2025\/wp-content\/uploads\/2025\/06\/XI_Crenem_Manual_do_congressista.pdf\" target=\"_blank\" rel=\"noopener\">clique aqui<\/a><\/span>)<\/p>\n<hr \/>\n<h4>\u00a0<\/h4>\n<h4 style=\"text-align: center;\"><span style=\"color: #000000;\"><strong>Seja bem-vindo!<\/strong><\/span><\/h4>\n<p>\u00a0<\/p>\n<p>A Regional Norte da ABEM convida a comunidade acad\u00eamica (entre discentes, docentes, residentes, preceptores, t\u00e9cnicos, gestores e colaboradores), os povos da floresta, os saberes das margens e os sonhos das universidades para se unirem no <strong>XI Congresso Regional Norte de Educa\u00e7\u00e3o M\u00e9dica (XI CRENEM)<\/strong>, que acontecer\u00e1 de <strong>27 a 29 de junho de 2025<\/strong>, na vibrante e acolhedora cidade de Manaus, no cora\u00e7\u00e3o da Amaz\u00f4nia brasileira.<br \/><br \/><\/p>\n<p>Este encontro tem como tema <strong>\u201cEduca\u00e7\u00e3o M\u00e9dica e Compromisso Social: Extens\u00e3o Universit\u00e1ria com Participa\u00e7\u00e3o Popular, Transculturalidade e Integra\u00e7\u00e3o Ensino-Servi\u00e7o-Comunidade\u201d<\/strong>.<br \/><br \/><\/p>\n<p>Chamamos voc\u00ea para escutar o sussurro dos ventos nas copas das samaumeiras e o grito forte daqueles que sonham com uma medicina que respeita, inclui e transforma. No encontro entre o boi Garantido e o boi Caprichoso, entre a ci\u00eancia e a sabedoria ancestral, queremos celebrar o pertencimento, o cuidado coletivo e a forma\u00e7\u00e3o m\u00e9dica enraizada nos territ\u00f3rios.<br \/><br \/><\/p>\n<p>Na beira de grandes rios, entre cantos e cores, faremos deste congresso um momento de trocas, resist\u00eancias e reencantamento da educa\u00e7\u00e3o m\u00e9dica. Um espa\u00e7o onde o saber t\u00e9cnico caminha junto ao saber popular, onde a extens\u00e3o n\u00e3o \u00e9 ap\u00eandice, mas corpo vivo da universidade.<br \/><br \/><\/p>\n<p>Venha fazer parte desse movimento.<br \/>O XI CRENEM \u00e9 floresta, \u00e9 rio, \u00e9 festa, \u00e9 luta e \u00e9 cuidado!<br \/><br \/><\/p>\n<p style=\"text-align: right;\"><strong>Comiss\u00e3o Organizadora do XI CRENEM<\/strong><br \/>Manaus &#8211; AM, 2025.<\/p>\n<hr \/>\n<h4 style=\"text-align: center;\"><strong><br \/>INFORMA\u00c7\u00d5ES GERAIS:<br \/><br \/><\/strong><\/h4>\n<p><strong>Local do Evento:<\/strong><br \/>&#8211; Escola de Enfermagem de Manaus (EEM\/UFAM)<br \/>&#8211; Universidade Federal do Amazonas<br \/>&#8211; Rua Terezina, 495 &#8211; Adrian\u00f3polis &#8211; Manaus\/AM<br \/><br \/><\/p>\n<p><strong>Data do Evento:<\/strong><br \/>&#8211; De 27 e 29 de junho de 2025<\/p>\n<hr \/>\n<h4 style=\"text-align: center;\"><strong><br \/>REALIZA\u00c7\u00c3O:<\/strong><\/h4>\n<p style=\"text-align: center;\"><img loading=\"lazy\" decoding=\"async\" class=\"aligncenter wp-image-2969\" src=\"https:\/\/crenem.org.br\/2025\/wp-content\/uploads\/2019\/09\/abem_v2-250x121.jpg\" alt=\"\" width=\"300\" height=\"145\" srcset=\"https:\/\/crenem.org.br\/2025\/wp-content\/uploads\/2019\/09\/abem_v2-250x121.jpg 250w, https:\/\/crenem.org.br\/2025\/wp-content\/uploads\/2019\/09\/abem_v2-120x58.jpg 120w, https:\/\/crenem.org.br\/2025\/wp-content\/uploads\/2019\/09\/abem_v2.jpg 580w\" sizes=\"auto, (max-width: 300px) 100vw, 300px\" \/><\/p>\n\n\n<p><\/p>\n","protected":false},"excerpt":{"rendered":"CERTIFICADOS DE PARTICIPA\u00c7\u00c3O Clique no link abaixo para mais informa\u00e7\u00f5es(clique aqui) MELHORES TRABALHOS Clique no link abaixo para visualizar(clique aqui) MANUAL DO CONGRESSISTA Para fazer o Download(clique aqui) \u00a0 Seja bem-vindo! \u00a0 A Regional Norte da ABEM convida a comunidade acad\u00eamica (entre discentes, docentes, residentes, preceptores, t\u00e9cnicos, gestores e colaboradores), os povos da floresta, os&#8230; <a class=\"view-article\" href=\"https:\/\/crenem.org.br\/2025\/\">Ver artigo<\/a>","protected":false},"author":2,"featured_media":3529,"parent":0,"menu_order":1,"comment_status":"closed","ping_status":"closed","template":"template_home.php","meta":{"_acf_changed":false,"footnotes":""},"class_list":["post-135","page","type-page","status-publish","has-post-thumbnail","hentry"],"acf":[],"_links":{"self":[{"href":"https:\/\/crenem.org.br\/2025\/wp-json\/wp\/v2\/pages\/135","targetHints":{"allow":["GET"]}}],"collection":[{"href":"https:\/\/crenem.org.br\/2025\/wp-json\/wp\/v2\/pages"}],"about":[{"href":"https:\/\/crenem.org.br\/2025\/wp-json\/wp\/v2\/types\/page"}],"author":[{"embeddable":true,"href":"https:\/\/crenem.org.br\/2025\/wp-json\/wp\/v2\/users\/2"}],"replies":[{"embeddable":true,"href":"https:\/\/crenem.org.br\/2025\/wp-json\/wp\/v2\/comments?post=135"}],"version-history":[{"count":10,"href":"https:\/\/crenem.org.br\/2025\/wp-json\/wp\/v2\/pages\/135\/revisions"}],"predecessor-version":[{"id":3671,"href":"https:\/\/crenem.org.br\/2025\/wp-json\/wp\/v2\/pages\/135\/revisions\/3671"}],"wp:featuredmedia":[{"embeddable":true,"href":"https:\/\/crenem.org.br\/2025\/wp-json\/wp\/v2\/media\/3529"}],"wp:attachment":[{"href":"https:\/\/crenem.org.br\/2025\/wp-json\/wp\/v2\/media?parent=135"}],"curies":[{"name":"wp","href":"https:\/\/api.w.org\/{rel}","templated":true}]}}